{"id":9470,"date":"2015-05-27T17:39:14","date_gmt":"2015-05-27T15:39:14","guid":{"rendered":"http:\/\/www.bmscience.net\/blog\/?page_id=9470"},"modified":"2026-02-23T11:36:36","modified_gmt":"2026-02-23T10:36:36","slug":"normative-sulla-privacy","status":"publish","type":"page","link":"https:\/\/bmscience.net\/blog\/normative-sulla-privacy\/","title":{"rendered":"Normative sulla Privacy"},"content":{"rendered":"\n<p>In questa pagina si descrivono le modalit\u00e0 di gestione del sito in riferimento al trattamento dei dati personali degli utenti che lo consultano.<\/p>\n\n\n\n<p>Si tratta di un\u2019informativa che \u00e8 resa anche ai sensi dell\u2019art. 13 del d.lgs.n. 196\/2003 \u2013 Codice in materia di protezione dei dati personali a coloro che interagiscono con i servizi web di Bald Mountain Science, accessibili per via telematica a partire dall\u2019indirizzo:<br><span style=\"color: #000000;\"><a href=\"http:\/\/www.bmscience.net\">http:\/\/www.bmscience.net<\/a><\/span><\/p>\n\n\n\n<p><strong>IL \u201cTITOLARE\u201d DEL TRATTAMENTO<\/strong><\/p>\n\n\n\n<p>A seguito della consultazione di questo sito possono essere trattati dati relativi a persone identificate o identificabili.<br>Il \u201ctitolare\u201d del loro trattamento \u00e8 Stefano Cocomazzi\u00a0&#8211; via Caraglio, 140 \u2013 10141 &#8211; Torino (TO).<br><strong><br>LUOGO DI TRATTAMENTO DEI DATI<\/strong><\/p>\n\n\n\n<p>I trattamenti connessi ai servizi web di questo sito hanno luogo presso la predetta sede e sono curati solo da personale incaricato del trattamento, oppure da eventuali incaricati di occasionali operazioni di manutenzione.<\/p>\n\n\n\n<p>Nessun dato derivante dal servizio web viene comunicato o diffuso.<\/p>\n\n\n\n<p>I dati personali forniti dagli utenti che&nbsp;si registrano&nbsp;o&nbsp;inoltrano richieste di invio di materiale informativo (bollettini, newsletter, risposte a quesiti, ecc.) sono utilizzati al solo fine di eseguire il servizio o la prestazione richiesta e sono comunicati a terzi nel solo caso in cui ci\u00f2 sia a tal fine necessario.<\/p>\n\n\n\n<p>I dati personali forniti dagli utenti che&nbsp;si registrano, in particolare nome e cognome con regione di provenienza nonch\u00e9&nbsp;le loro&nbsp;email sono automaticamente inseriti in mailing list.<\/p>\n\n\n\n<p><strong><br>TIPI DI DATI TRATTATI<\/strong><br>Dati di navigazione<\/p>\n\n\n<div id=\"bmscience1206400183\" style=\"margin-top: 15px;margin-left: 15px;float: right;\"><div style=\"\r\n  width: 200px;\r\n  margin: 0 auto;\r\n  text-align: center;\r\n\">\r\n<div data-id='24157' class='amazon-auto-links aal-js-loading'><p class='now-loading-placeholder'>Now loading&#8230;<\/p><\/div><\/div><\/div>\n\n\n<p>I sistemi informatici e le procedure software preposte al funzionamento di questo sito web acquisiscono, nel corso del loro normale esercizio, alcuni dati personali la cui trasmissione \u00e8 implicita nell\u2019uso dei protocolli di comunicazione di Internet.<\/p>\n\n\n\n<p>Si tratta di informazioni che non sono raccolte per essere associate a interessati identificati, ma che per loro stessa natura potrebbero, attraverso elaborazioni ed associazioni con dati detenuti da terzi, permettere di identificare gli utenti.<\/p>\n\n\n\n<p>In questa categoria di dati rientrano gli indirizzi IP o i nomi a dominio dei computer utilizzati dagli utenti che si connettono al sito, gli indirizzi in notazione URI (Uniform Resource Identifier) delle risorse richieste, l\u2019orario della richiesta, il metodo utilizzato nel sottoporre la richiesta al server, la dimensione del file ottenuto in risposta, il codice numerico indicante lo stato della risposta data dal server (buon fine, errore, ecc.) ed altri parametri relativi al sistema operativo e all\u2019ambiente informatico dell\u2019utente.<\/p>\n\n\n\n<p>Questi dati vengono utilizzati al solo fine di ricavare informazioni statistiche anonime sull\u2019uso del sito e per controllarne il corretto funzionamento e vengono cancellati immediatamente dopo l\u2019elaborazione. I dati potrebbero essere utilizzati per l\u2019accertamento di responsabilit\u00e0 in caso di ipotetici reati informatici ai danni del sito: salva questa eventualit\u00e0, allo stato i dati sui contatti web non persistono per pi\u00f9 di sette giorni.<\/p>\n\n\n\n<p>Dati forniti volontariamente dall\u2019utente<\/p>\n\n\n\n<p>L\u2019invio facoltativo, esplicito e volontario di posta elettronica agli indirizzi indicati su questo sito comporta la successiva acquisizione dell\u2019indirizzo del mittente, necessario per rispondere alle richieste, nonch\u00e9 degli eventuali altri dati personali inseriti nella missiva.<\/p>\n\n\n\n<p>Specifiche informative di sintesi verranno progressivamente riportate o visualizzate nelle pagine del sito predisposte per particolari servizi a richiesta.<\/p>\n\n\n<div id=\"bmscience1518697462\" style=\"margin-top: 15px;margin-left: 15px;float: right;\"><a href=\"https:\/\/amzn.to\/3HvxfJO\" target=\"_blank\" aria-label=\"Version 1.0.0\"><img loading=\"lazy\" decoding=\"async\" src=\"https:\/\/bmscience.net\/blog\/wp-content\/uploads\/2025\/05\/e9df8a88-7895-4804-8211-20398110afe0.jpeg\" alt=\"\"  srcset=\"https:\/\/bmscience.net\/blog\/wp-content\/uploads\/2025\/05\/e9df8a88-7895-4804-8211-20398110afe0.jpeg 640w, https:\/\/bmscience.net\/blog\/wp-content\/uploads\/2025\/05\/e9df8a88-7895-4804-8211-20398110afe0-80x300.jpeg 80w, https:\/\/bmscience.net\/blog\/wp-content\/uploads\/2025\/05\/e9df8a88-7895-4804-8211-20398110afe0-273x1024.jpeg 273w, https:\/\/bmscience.net\/blog\/wp-content\/uploads\/2025\/05\/e9df8a88-7895-4804-8211-20398110afe0-546x2048.jpeg 546w\" sizes=\"auto, (max-width: 640px) 100vw, 640px\" width=\"180\" height=\"675\"   \/><\/a><\/div>\n\n\n<p><strong><br><a href=\"http:\/\/www.bmscience.net\/blog\/cookie\/\">COOKIES<\/a><\/strong><\/p>\n\n\n\n<p>Nessun dato personale degli utenti viene in proposito acquisito dal sito.<\/p>\n\n\n\n<p>Non viene fatto uso di cookies per la trasmissione di informazioni di carattere personale, n\u00e9 vengono utilizzati c.d. cookies persistenti di alcun tipo, ovvero sistemi per il tracciamento degli utenti.<\/p>\n\n\n\n<p>L\u2019uso di c.d. cookies di sessione (che non vengono memorizzati in modo persistente sul computer dell\u2019utente e svaniscono con la chiusura del browser) \u00e8 strettamente limitato alla trasmissione di identificativi di sessione (costituiti da numeri casuali generati dal server) necessari per consentire l\u2019esplorazione sicura ed efficiente del sito.<\/p>\n\n\n\n<p>I c.d. cookies di sessione utilizzati in questo sito evitano il ricorso ad altre tecniche informatiche potenzialmente pregiudizievoli per la riservatezza della navigazione degli utenti e non consentono l\u2019acquisizione di dati personali identificativi dell\u2019utente.<br><strong><a href=\"http:\/\/www.bmscience.net\/blog\/cookie\/\">Clicca qui per altre informazioni sulla policy dei Cookies<\/a><\/strong><br><strong><br>MODALITA\u2019 DEL TRATTAMENTO<\/strong><\/p>\n\n\n\n<p>I dati personali sono trattati con strumenti automatizzati per il tempo strettamente necessario a conseguire gli scopi per cui sono stati raccolti. I dati verranno trattati da incaricati dell\u2019Istituto appartenenti alle categorie degli amministratori, segretari amministrativi, amministratori di sistema, ed eventualmente Soci o Membri del Comitato Scientifico.<\/p>\n\n\n\n<p>Specifiche misure di sicurezza sono osservate per prevenire la perdita dei dati, usi illeciti o non corretti ed accessi non autorizzati.<\/p>\n\n\n\n<p><strong><br>DIRITTI DEGLI INTERESSATI<\/strong><\/p>\n\n\n\n<p>I soggetti cui si riferiscono i dati personali hanno il diritto in qualunque momento di ottenere la conferma dell\u2019esistenza o meno dei medesimi dati e di conoscerne il contenuto e l\u2019origine, verificarne l\u2019esattezza o chiederne l\u2019integrazione o l\u2019aggiornamento, oppure la rettificazione (art. 7 del d.lgs. n. 196\/2003).<\/p>\n\n\n\n<p>Ai sensi del medesimo articolo si ha il diritto di chiedere la cancellazione, la trasformazione in forma anonima o il blocco dei dati trattati in violazione di legge, nonch\u00e9 di opporsi in ogni caso, per motivi legittimi, al loro trattamento.<\/p>\n\n\n\n<p>Le richieste vanno rivolte all\u2019indirizzo fisico\u00a0del Titolare o per email all\u2019indirizzo bmscience.net@gmail.com<\/p>\n\n\n<div id=\"bmscience418801245\" style=\"margin-top: 15px;margin-bottom: 15px;margin-left: auto;margin-right: auto;text-align: center;\"><a href=\"https:\/\/amzn.to\/3TMPGN8\" target=\"_blank\" aria-label=\"157ae4571067f9d75a6017e36528db1a.w3000.h600._CR0,0,3000,600_SX1920_\"><img loading=\"lazy\" decoding=\"async\" src=\"https:\/\/bmscience.net\/blog\/wp-content\/uploads\/2025\/06\/157ae4571067f9d75a6017e36528db1a.w3000.h600._CR003000600_SX1920_.jpeg\" alt=\"\"  srcset=\"https:\/\/bmscience.net\/blog\/wp-content\/uploads\/2025\/06\/157ae4571067f9d75a6017e36528db1a.w3000.h600._CR003000600_SX1920_.jpeg 1920w, https:\/\/bmscience.net\/blog\/wp-content\/uploads\/2025\/06\/157ae4571067f9d75a6017e36528db1a.w3000.h600._CR003000600_SX1920_-300x60.jpeg 300w, https:\/\/bmscience.net\/blog\/wp-content\/uploads\/2025\/06\/157ae4571067f9d75a6017e36528db1a.w3000.h600._CR003000600_SX1920_-1024x205.jpeg 1024w, https:\/\/bmscience.net\/blog\/wp-content\/uploads\/2025\/06\/157ae4571067f9d75a6017e36528db1a.w3000.h600._CR003000600_SX1920_-768x154.jpeg 768w, https:\/\/bmscience.net\/blog\/wp-content\/uploads\/2025\/06\/157ae4571067f9d75a6017e36528db1a.w3000.h600._CR003000600_SX1920_-1536x307.jpeg 1536w\" sizes=\"auto, (max-width: 1920px) 100vw, 1920px\" width=\"1920\" height=\"384\"  style=\"display: inline-block;\" \/><\/a><\/div>","protected":false},"excerpt":{"rendered":"<p>In questa pagina si descrivono le modalit\u00e0 di gestione del sito in riferimento al trattamento dei dati personali degli utenti che lo consultano. Si tratta di un\u2019informativa che \u00e8 resa anche ai sensi dell\u2019art. 13 del d.lgs.n. 196\/2003 \u2013 Codice in materia di protezione dei dati personali a coloro che interagiscono con i servizi web&hellip;<\/p>\n<p class=\"more\"><a class=\"more-link\" href=\"https:\/\/bmscience.net\/blog\/normative-sulla-privacy\/\">Continue reading <span class=\"screen-reader-text\">Normative sulla Privacy<\/span><\/a><\/p>\n","protected":false},"author":1,"featured_media":0,"parent":0,"menu_order":0,"comment_status":"open","ping_status":"open","template":"","meta":{"advgb_blocks_editor_width":"","advgb_blocks_columns_visual_guide":"","footnotes":""},"class_list":["post-9470","page","type-page","status-publish","hentry","entry"],"coauthors":[],"author_meta":{"author_link":"https:\/\/bmscience.net\/blog\/author\/user\/","display_name":"Admin"},"relative_dates":{"created":"Pubblicato 11 anni fa","modified":"Aggiornato 2 mesi fa"},"absolute_dates":{"created":"Pubblicato il 27\/05\/2015","modified":"Aggiornato il 23\/02\/2026"},"absolute_dates_time":{"created":"Pubblicato il 27\/05\/2015 17:39","modified":"Aggiornato il 23\/02\/2026 11:36"},"featured_img_caption":"","featured_img":false,"series_order":"","_links":{"self":[{"href":"https:\/\/bmscience.net\/blog\/wp-json\/wp\/v2\/pages\/9470","targetHints":{"allow":["GET"]}}],"collection":[{"href":"https:\/\/bmscience.net\/blog\/wp-json\/wp\/v2\/pages"}],"about":[{"href":"https:\/\/bmscience.net\/blog\/wp-json\/wp\/v2\/types\/page"}],"author":[{"embeddable":true,"href":"https:\/\/bmscience.net\/blog\/wp-json\/wp\/v2\/users\/1"}],"replies":[{"embeddable":true,"href":"https:\/\/bmscience.net\/blog\/wp-json\/wp\/v2\/comments?post=9470"}],"version-history":[{"count":1,"href":"https:\/\/bmscience.net\/blog\/wp-json\/wp\/v2\/pages\/9470\/revisions"}],"predecessor-version":[{"id":26509,"href":"https:\/\/bmscience.net\/blog\/wp-json\/wp\/v2\/pages\/9470\/revisions\/26509"}],"wp:attachment":[{"href":"https:\/\/bmscience.net\/blog\/wp-json\/wp\/v2\/media?parent=9470"}],"curies":[{"name":"wp","href":"https:\/\/api.w.org\/{rel}","templated":true}]}}